{"id":2136,"date":"2025-04-06T07:40:29","date_gmt":"2025-04-06T07:40:29","guid":{"rendered":"https:\/\/yetanothertravelbug.com\/?page_id=2136"},"modified":"2026-04-07T21:57:45","modified_gmt":"2026-04-07T21:57:45","slug":"impressum","status":"publish","type":"page","link":"https:\/\/yetanothertravelbug.com\/?page_id=2136","title":{"rendered":"Impressum"},"content":{"rendered":"<div class=\"brz-root__container brz-reset-all brz brz-root__container-page\">\n<section id=\"327c256fa396186d0dd2_yfftqpxxgenmgyhqwfmehnugsvznpavhjliu\" class=\"brz-section brz-css-35fz2q\">\n<div class=\"brz-section__content brz-section--boxed brz-css-1azro8r brz-css-lyvvwr\" data-brz-custom-id=\"jjzqdrpjqhgmhmrwmkqpvbfalfbqxdbbjryp\">\n<div class=\"brz-bg\">\n<div class=\"brz-bg-color\"><\/div>\n<\/div>\n<div class=\"brz-container brz-css-17pni8s\">\n<div id=\"\" class=\"brz-css-9t6b2q brz-css-1d2ehra brz-wrapper\">\n<div class=\"brz-rich-text brz-rich-text__custom brz-css-d7jzfn\" data-brz-custom-id=\"zXxm5CS7rI6K\">\n<div data-brz-translate-text=\"1\">\n<p class=\"brz-fs-lg-41 brz-ft-google brz-ff-luckiest_guy brz-tp-lg-empty brz-fsft-lg-0 brz-fwdth-lg-100 brz-vfw-lg-400 brz-lh-lg-1_4 brz-ls-lg-0 brz-fw-lg-400 brz-fss-lg-px brz-mt-lg-0 brz-mb-lg-0 brz-text-lg-center brz-css-iHirf\" data-generated-css=\"brz-css-mmbtn\" data-uniq-id=\"kpdug\"><span>Impressum<\/span><\/p>\n<\/div>\n<\/div>\n<\/div>\n<div class=\"brz-row__container brz-css-1cdi1t2\" data-brz-custom-id=\"qifbtotaepzypmsjnacybtrmjukfybfogyno\">\n<div class=\"brz-bg\"><\/div>\n<div class=\"brz-row brz-css-12ywbvm brz-css-1gkalwl\">\n<div class=\"brz-columns brz-css-1hnkiuz brz-css-1ckoqsd\" data-brz-custom-id=\"aodzabjgepmemuylucqjxucxonjtiblmifra\">\n<div class=\"brz-bg\"><\/div>\n<div class=\"brz-column__items brz-css-1vymqev brz-css-g5wkyu\">\n<div id=\"\" class=\"brz-css-9t6b2q brz-css-1a1n7ci brz-wrapper\">\n<div class=\"brz-spacer brz-css-19598sx brz-css-10w44fw\"><\/div>\n<\/div>\n<div id=\"\" class=\"brz-css-9t6b2q brz-css-g8u3g5 brz-wrapper\">\n<div class=\"brz-rich-text brz-rich-text__custom brz-css-d7jzfn\" data-brz-custom-id=\"dfboskwtdfbujruibbduyuvwhgidjqurjwqh\">\n<div data-brz-translate-text=\"1\">\n<p class=\"brz-fsft-lg-0 brz-fwdth-lg-100 brz-vfw-lg-400 brz-lh-lg-1_9 brz-ls-lg-0 brz-fw-lg-400 brz-fss-lg-px brz-fs-lg-15 brz-ft-google brz-ff-lexend_deca brz-tp-lg-empty brz-text-lg-justify brz-css-rBP7A\" data-generated-css=\"brz-css-m4wQo\" data-uniq-id=\"z_HfB\"><strong class=\"brz-cp-color7\">Angaben gem\u00e4\u00df \u00a7 5 TMG:<\/strong><\/p>\n<p class=\"brz-fsft-lg-0 brz-fwdth-lg-100 brz-vfw-lg-400 brz-lh-lg-1_9 brz-ls-lg-0 brz-fw-lg-400 brz-fss-lg-px brz-fs-lg-15 brz-ft-google brz-ff-lexend_deca brz-tp-lg-empty brz-text-lg-justify brz-css-gVeSM\" data-generated-css=\"brz-css-l9ezh\" data-uniq-id=\"mFUjT\"><span class=\"brz-cp-color7\">Arlene Schwippert &amp; Adam Green<\/span><\/p>\n<p class=\"brz-fsft-lg-0 brz-fwdth-lg-100 brz-vfw-lg-400 brz-lh-lg-1_9 brz-ls-lg-0 brz-fw-lg-400 brz-fss-lg-px brz-fs-lg-15 brz-ft-google brz-ff-lexend_deca brz-tp-lg-empty brz-text-lg-justify brz-css-ekdfH\" data-generated-css=\"brz-css-gYfY9\" data-uniq-id=\"m2lrY\"><span class=\"brz-cp-color7\">Nikolausstra\u00dfe 99a<\/span><\/p>\n<p class=\"brz-fsft-lg-0 brz-fwdth-lg-100 brz-vfw-lg-400 brz-lh-lg-1_9 brz-ls-lg-0 brz-fw-lg-400 brz-fss-lg-px brz-fs-lg-15 brz-ft-google brz-ff-lexend_deca brz-tp-lg-empty brz-text-lg-justify brz-css-uIftY\" data-generated-css=\"brz-css-fTG5W\" data-uniq-id=\"xZS7R\"><span class=\"brz-cp-color7\">50937 K\u00f6ln Deutschland<\/span><\/p>\n<p class=\"brz-fsft-lg-0 brz-fwdth-lg-100 brz-vfw-lg-400 brz-lh-lg-1_9 brz-ls-lg-0 brz-fw-lg-400 brz-fss-lg-px brz-fs-lg-15 brz-ft-google brz-ff-lexend_deca brz-tp-lg-empty brz-text-lg-justify brz-css-ofEcf\" data-generated-css=\"brz-css-eRXIT\" data-uniq-id=\"q0fxA\"><span class=\"brz-cp-color7\"> <\/span><\/p>\n<p class=\"brz-fsft-lg-0 brz-fwdth-lg-100 brz-vfw-lg-400 brz-lh-lg-1_9 brz-ls-lg-0 brz-fw-lg-400 brz-fss-lg-px brz-fs-lg-15 brz-ft-google brz-ff-lexend_deca brz-tp-lg-empty brz-text-lg-justify brz-css-tivHG\" data-generated-css=\"brz-css-pxOrF\" data-uniq-id=\"aB5H7\"><strong class=\"brz-cp-color7\">Kontakt:<\/strong><\/p>\n<p class=\"brz-fsft-lg-0 brz-fwdth-lg-100 brz-vfw-lg-400 brz-lh-lg-1_9 brz-ls-lg-0 brz-fw-lg-400 brz-fss-lg-px brz-fs-lg-15 brz-ft-google brz-ff-lexend_deca brz-tp-lg-empty brz-text-lg-justify brz-css-sn8bd\" data-generated-css=\"brz-css-tTjdk\" data-uniq-id=\"keXo9\"><span class=\"brz-cp-color7\">E-Mail: yetanothertravelblog@gmail.com<\/span><\/p>\n<p class=\"brz-fsft-lg-0 brz-fwdth-lg-100 brz-vfw-lg-400 brz-lh-lg-1_9 brz-ls-lg-0 brz-fw-lg-400 brz-fss-lg-px brz-fs-lg-15 brz-ft-google brz-ff-lexend_deca brz-tp-lg-empty brz-text-lg-justify brz-css-zzudz\" data-generated-css=\"brz-css-dd114\" data-uniq-id=\"eqCEC\"><span class=\"brz-cp-color7\"> <\/span><\/p>\n<p class=\"brz-fsft-lg-0 brz-fwdth-lg-100 brz-vfw-lg-400 brz-lh-lg-1_9 brz-ls-lg-0 brz-fw-lg-400 brz-fss-lg-px brz-fs-lg-15 brz-ft-google brz-ff-lexend_deca brz-tp-lg-empty brz-text-lg-justify brz-css-dR1A4\" data-generated-css=\"brz-css-f8D4k\" data-uniq-id=\"uY69b\"><strong class=\"brz-cp-color7\">Verantwortlich f\u00fcr den Inhalt nach \u00a7 55 Abs. 2 RStV:<\/strong><\/p>\n<p class=\"brz-fsft-lg-0 brz-fwdth-lg-100 brz-vfw-lg-400 brz-lh-lg-1_9 brz-ls-lg-0 brz-fw-lg-400 brz-fss-lg-px brz-fs-lg-15 brz-ft-google brz-ff-lexend_deca brz-tp-lg-empty brz-text-lg-justify brz-css-uL02p\" data-generated-css=\"brz-css-yLGEc\" data-uniq-id=\"oa7YV\"><span class=\"brz-cp-color7\">Arlene Schwippert &amp; Adam Green, Nikolausstra\u00dfe 99a, 50937 K\u00f6ln, Deutschland<\/span><\/p>\n<p class=\"brz-fsft-lg-0 brz-fwdth-lg-100 brz-vfw-lg-400 brz-lh-lg-1_9 brz-ls-lg-0 brz-fw-lg-400 brz-fss-lg-px brz-fs-lg-15 brz-ft-google brz-ff-lexend_deca brz-tp-lg-empty brz-text-lg-justify brz-css-sKRrR\" data-generated-css=\"brz-css-jLOwW\" data-uniq-id=\"aTiZQ\"><span class=\"brz-cp-color7\"> <\/span><\/p>\n<p class=\"brz-fsft-lg-0 brz-fwdth-lg-100 brz-vfw-lg-400 brz-lh-lg-1_9 brz-ls-lg-0 brz-fw-lg-400 brz-fss-lg-px brz-fs-lg-15 brz-ft-google brz-ff-lexend_deca brz-tp-lg-empty brz-text-lg-justify brz-css-wA8OE\" data-generated-css=\"brz-css-h6BFb\" data-uniq-id=\"wMDED\"><strong class=\"brz-cp-color7\">Haftung f\u00fcr Inhalte:<\/strong><\/p>\n<p class=\"brz-fsft-lg-0 brz-fwdth-lg-100 brz-vfw-lg-400 brz-lh-lg-1_9 brz-ls-lg-0 brz-fw-lg-400 brz-fss-lg-px brz-fs-lg-15 brz-ft-google brz-ff-lexend_deca brz-tp-lg-empty brz-text-lg-justify brz-css-q3Clv\" data-generated-css=\"brz-css-zlCbd\" data-uniq-id=\"tmpoC\"><span class=\"brz-cp-color7\">Als Diensteanbieter sind wir gem\u00e4\u00df \u00a7 7 Abs. 1 TMG f\u00fcr eigene Inhalte auf diesen Seiten nach den allgemeinen Gesetzen verantwortlich. Nach \u00a7\u00a7 8 bis 10 TMG sind wir als Diensteanbieter jedoch nicht verpflichtet, \u00fcbermittelte oder gespeicherte fremde Informationen zu \u00fcberwachen oder nach Umst\u00e4nden zu forschen, die auf eine rechtswidrige T\u00e4tigkeit hinweisen.<\/span><\/p>\n<p class=\"brz-fsft-lg-0 brz-fwdth-lg-100 brz-vfw-lg-400 brz-lh-lg-1_9 brz-ls-lg-0 brz-fw-lg-400 brz-fss-lg-px brz-fs-lg-15 brz-ft-google brz-ff-lexend_deca brz-tp-lg-empty brz-text-lg-justify brz-css-m8hwp\" data-generated-css=\"brz-css-dlF3D\" data-uniq-id=\"qIpQ2\"><span class=\"brz-cp-color7\"> <\/span><\/p>\n<p class=\"brz-fsft-lg-0 brz-fwdth-lg-100 brz-vfw-lg-400 brz-lh-lg-1_9 brz-ls-lg-0 brz-fw-lg-400 brz-fss-lg-px brz-fs-lg-15 brz-ft-google brz-ff-lexend_deca brz-tp-lg-empty brz-text-lg-justify brz-css-a0cVA\" data-generated-css=\"brz-css-cYwBx\" data-uniq-id=\"f4e7q\"><strong class=\"brz-cp-color7\">Haftung f\u00fcr Links:<\/strong><\/p>\n<p class=\"brz-fsft-lg-0 brz-fwdth-lg-100 brz-vfw-lg-400 brz-lh-lg-1_9 brz-ls-lg-0 brz-fw-lg-400 brz-fss-lg-px brz-fs-lg-15 brz-ft-google brz-ff-lexend_deca brz-tp-lg-empty brz-text-lg-justify brz-css-krEJI\" data-generated-css=\"brz-css-ainwf\" data-uniq-id=\"bDGWQ\"><span class=\"brz-cp-color7\">Unser Angebot enth\u00e4lt Links zu externen Websites Dritter, auf deren Inhalte wir keinen Einfluss haben. Deshalb k\u00f6nnen wir f\u00fcr diese fremden Inhalte auch keine Gew\u00e4hr \u00fcbernehmen.<\/span><\/p>\n<p class=\"brz-fsft-lg-0 brz-fwdth-lg-100 brz-vfw-lg-400 brz-lh-lg-1_9 brz-ls-lg-0 brz-fw-lg-400 brz-fss-lg-px brz-fs-lg-15 brz-ft-google brz-ff-lexend_deca brz-tp-lg-empty brz-text-lg-justify brz-css-tLUFK\" data-generated-css=\"brz-css-qTXB_\" data-uniq-id=\"i5BWk\"><span class=\"brz-cp-color7\"> <\/span><\/p>\n<p class=\"brz-fsft-lg-0 brz-fwdth-lg-100 brz-vfw-lg-400 brz-lh-lg-1_9 brz-ls-lg-0 brz-fw-lg-400 brz-fss-lg-px brz-fs-lg-15 brz-ft-google brz-ff-lexend_deca brz-tp-lg-empty brz-text-lg-justify brz-css-fAUGU\" data-generated-css=\"brz-css-zQWqt\" data-uniq-id=\"o_Xso\"><strong class=\"brz-cp-color7\">Urheberrecht:<\/strong><\/p>\n<p class=\"brz-fsft-lg-0 brz-fwdth-lg-100 brz-vfw-lg-400 brz-lh-lg-1_9 brz-ls-lg-0 brz-fw-lg-400 brz-fss-lg-px brz-fs-lg-15 brz-ft-google brz-ff-lexend_deca brz-tp-lg-empty brz-text-lg-justify brz-css-u1kuy\" data-generated-css=\"brz-css-cwB8b\" data-uniq-id=\"h2Ben\"><span class=\"brz-cp-color7\">Die durch die Seitenbetreiber erstellten Inhalte und Werke auf diesen Seiten unterliegen dem deutschen Urheberrecht. Die Vervielf\u00e4ltigung, Bearbeitung, Verbreitung und jede Art der Verwertung au\u00dferhalb der Grenzen des Urheberrechts bed\u00fcrfen der schriftlichen Zustimmung des jeweiligen Autors bzw. Erstellers.<\/span><\/p>\n<\/div>\n<\/div>\n<\/div>\n<div id=\"\" class=\"brz-css-9t6b2q brz-css-1a1n7ci brz-wrapper\">\n<div class=\"brz-spacer brz-css-19598sx brz-css-shh2io\"><\/div>\n<\/div>\n<\/div>\n<\/div>\n<\/div>\n<\/div>\n<\/div>\n<\/div>\n<\/section>\n<section id=\"bf68bef6d6be2a94df2d_adjxeyrzpxjmigdhhprzbytnqgubqychlsuf\" class=\"brz-section brz-css-35fz2q\">\n<div class=\"brz-section__content brz-section--boxed brz-css-1azro8r brz-css-1g81sjg\" data-brz-custom-id=\"ukdzqqgucfaguqmklkvynheudvzppkjwzwjg\">\n<div class=\"brz-bg\">\n<div class=\"brz-bg-color\"><\/div>\n<\/div>\n<div class=\"brz-container brz-css-17pni8s\">\n<div id=\"\" class=\"brz-css-9t6b2q brz-css-nxfog7 brz-wrapper\">\n<div class=\"brz-image brz-css-1wepgc\" data-brz-custom-id=\"imlnpdhlxhlhtycdgdhprdludxttnyvnbdhq\"><img decoding=\"async\" class=\"brz-img\" src=\"https:\/\/yetanothertravelbug.com\/wp-content\/uploads\/brizy\/imgs\/Logo-378x170x8x0x363x170x1741541468.png\" alt=\"\" loading=\"lazy\"><\/div>\n<\/div>\n<div id=\"\" class=\"brz-css-9t6b2q brz-css-1a1n7ci brz-wrapper\">\n<div class=\"brz-spacer brz-css-19598sx brz-css-1prhioa\"><\/div>\n<\/div>\n<div id=\"\" class=\"brz-css-9t6b2q brz-css-1a1n7ci brz-wrapper\">\n<div class=\"brz-spacer brz-css-19598sx brz-css-1j8ij32\"><\/div>\n<\/div>\n<\/div>\n<\/div>\n<\/section>\n<\/div>\n<p>    <!-- version:1743925675 --><\/p>\n","protected":false},"excerpt":{"rendered":"<p>Impressum Angaben gem\u00e4\u00df \u00a7 5 TMG: Arlene Schwippert &amp; Adam Green Nikolausstra\u00dfe 99a 50937 K\u00f6ln Deutschland Kontakt: E-Mail: yetanothertravelblog@gmail.com Verantwortlich f\u00fcr den Inhalt nach \u00a7 55 Abs. 2 RStV: Arlene Schwippert &amp; Adam Green, Nikolausstra\u00dfe 99a, 50937 K\u00f6ln, Deutschland Haftung f\u00fcr Inhalte: Als Diensteanbieter sind wir gem\u00e4\u00df \u00a7 7 Abs. 1 TMG f\u00fcr eigene Inhalte [&hellip;]<\/p>\n","protected":false},"author":1,"featured_media":157,"parent":57,"menu_order":0,"comment_status":"closed","ping_status":"closed","template":"brizy-blank-template.php","meta":{"footnotes":""},"class_list":["post-2136","page","type-page","status-publish","has-post-thumbnail","hentry"],"yoast_head":"<!-- This site is optimized with the Yoast SEO plugin v27.4 - https:\/\/yoast.com\/product\/yoast-seo-wordpress\/ -->\n<title>Impressum - Yet Another Travel Bug<\/title>\n<meta name=\"robots\" content=\"index, follow, max-snippet:-1, max-image-preview:large, max-video-preview:-1\" \/>\n<link rel=\"canonical\" href=\"https:\/\/yetanothertravelbug.com\/?page_id=2136\" \/>\n<meta property=\"og:locale\" content=\"en_US\" \/>\n<meta property=\"og:type\" content=\"article\" \/>\n<meta property=\"og:title\" content=\"Impressum - Yet Another Travel Bug\" \/>\n<meta property=\"og:description\" content=\"Impressum Angaben gem\u00e4\u00df \u00a7 5 TMG: Arlene Schwippert &amp; Adam Green Nikolausstra\u00dfe 99a 50937 K\u00f6ln Deutschland Kontakt: E-Mail: yetanothertravelblog@gmail.com Verantwortlich f\u00fcr den Inhalt nach \u00a7 55 Abs. 2 RStV: Arlene Schwippert &amp; Adam Green, Nikolausstra\u00dfe 99a, 50937 K\u00f6ln, Deutschland Haftung f\u00fcr Inhalte: Als Diensteanbieter sind wir gem\u00e4\u00df \u00a7 7 Abs. 1 TMG f\u00fcr eigene Inhalte [&hellip;]\" \/>\n<meta property=\"og:url\" content=\"https:\/\/yetanothertravelbug.com\/?page_id=2136\" \/>\n<meta property=\"og:site_name\" content=\"Yet Another Travel Bug\" \/>\n<meta property=\"article:modified_time\" content=\"2026-04-07T21:57:45+00:00\" \/>\n<meta property=\"og:image\" content=\"https:\/\/yetanothertravelbug.com\/wp-content\/uploads\/2025\/03\/Logo-Kopie.png\" \/>\n\t<meta property=\"og:image:width\" content=\"417\" \/>\n\t<meta property=\"og:image:height\" content=\"325\" \/>\n\t<meta property=\"og:image:type\" content=\"image\/png\" \/>\n<meta name=\"twitter:card\" content=\"summary_large_image\" \/>\n<meta name=\"twitter:label1\" content=\"Est. reading time\" \/>\n\t<meta name=\"twitter:data1\" content=\"1 minute\" \/>\n<script type=\"application\/ld+json\" class=\"yoast-schema-graph\">{\"@context\":\"https:\\\/\\\/schema.org\",\"@graph\":[{\"@type\":\"WebPage\",\"@id\":\"https:\\\/\\\/yetanothertravelbug.com\\\/?page_id=2136\",\"url\":\"https:\\\/\\\/yetanothertravelbug.com\\\/?page_id=2136\",\"name\":\"Impressum - Yet Another Travel Bug\",\"isPartOf\":{\"@id\":\"http:\\\/\\\/yetanothertravelbug.com\\\/#website\"},\"primaryImageOfPage\":{\"@id\":\"https:\\\/\\\/yetanothertravelbug.com\\\/?page_id=2136#primaryimage\"},\"image\":{\"@id\":\"https:\\\/\\\/yetanothertravelbug.com\\\/?page_id=2136#primaryimage\"},\"thumbnailUrl\":\"https:\\\/\\\/yetanothertravelbug.com\\\/wp-content\\\/uploads\\\/2025\\\/03\\\/Logo-Kopie.png\",\"datePublished\":\"2025-04-06T07:40:29+00:00\",\"dateModified\":\"2026-04-07T21:57:45+00:00\",\"breadcrumb\":{\"@id\":\"https:\\\/\\\/yetanothertravelbug.com\\\/?page_id=2136#breadcrumb\"},\"inLanguage\":\"en-US\",\"potentialAction\":[{\"@type\":\"ReadAction\",\"target\":[\"https:\\\/\\\/yetanothertravelbug.com\\\/?page_id=2136\"]}]},{\"@type\":\"ImageObject\",\"inLanguage\":\"en-US\",\"@id\":\"https:\\\/\\\/yetanothertravelbug.com\\\/?page_id=2136#primaryimage\",\"url\":\"https:\\\/\\\/yetanothertravelbug.com\\\/wp-content\\\/uploads\\\/2025\\\/03\\\/Logo-Kopie.png\",\"contentUrl\":\"https:\\\/\\\/yetanothertravelbug.com\\\/wp-content\\\/uploads\\\/2025\\\/03\\\/Logo-Kopie.png\",\"width\":417,\"height\":325},{\"@type\":\"BreadcrumbList\",\"@id\":\"https:\\\/\\\/yetanothertravelbug.com\\\/?page_id=2136#breadcrumb\",\"itemListElement\":[{\"@type\":\"ListItem\",\"position\":1,\"name\":\"Home\",\"item\":\"https:\\\/\\\/yetanothertravelbug.com\\\/\"},{\"@type\":\"ListItem\",\"position\":2,\"name\":\"Kontakt\",\"item\":\"https:\\\/\\\/yetanothertravelbug.com\\\/?page_id=57\"},{\"@type\":\"ListItem\",\"position\":3,\"name\":\"Impressum\"}]},{\"@type\":\"WebSite\",\"@id\":\"http:\\\/\\\/yetanothertravelbug.com\\\/#website\",\"url\":\"http:\\\/\\\/yetanothertravelbug.com\\\/\",\"name\":\"Yet Another Travel Bug\",\"description\":\"\",\"potentialAction\":[{\"@type\":\"SearchAction\",\"target\":{\"@type\":\"EntryPoint\",\"urlTemplate\":\"http:\\\/\\\/yetanothertravelbug.com\\\/?s={search_term_string}\"},\"query-input\":{\"@type\":\"PropertyValueSpecification\",\"valueRequired\":true,\"valueName\":\"search_term_string\"}}],\"inLanguage\":\"en-US\"}]}<\/script>\n<!-- \/ Yoast SEO plugin. -->","yoast_head_json":{"title":"Impressum - Yet Another Travel Bug","robots":{"index":"index","follow":"follow","max-snippet":"max-snippet:-1","max-image-preview":"max-image-preview:large","max-video-preview":"max-video-preview:-1"},"canonical":"https:\/\/yetanothertravelbug.com\/?page_id=2136","og_locale":"en_US","og_type":"article","og_title":"Impressum - Yet Another Travel Bug","og_description":"Impressum Angaben gem\u00e4\u00df \u00a7 5 TMG: Arlene Schwippert &amp; Adam Green Nikolausstra\u00dfe 99a 50937 K\u00f6ln Deutschland Kontakt: E-Mail: yetanothertravelblog@gmail.com Verantwortlich f\u00fcr den Inhalt nach \u00a7 55 Abs. 2 RStV: Arlene Schwippert &amp; Adam Green, Nikolausstra\u00dfe 99a, 50937 K\u00f6ln, Deutschland Haftung f\u00fcr Inhalte: Als Diensteanbieter sind wir gem\u00e4\u00df \u00a7 7 Abs. 1 TMG f\u00fcr eigene Inhalte [&hellip;]","og_url":"https:\/\/yetanothertravelbug.com\/?page_id=2136","og_site_name":"Yet Another Travel Bug","article_modified_time":"2026-04-07T21:57:45+00:00","og_image":[{"width":417,"height":325,"url":"https:\/\/yetanothertravelbug.com\/wp-content\/uploads\/2025\/03\/Logo-Kopie.png","type":"image\/png"}],"twitter_card":"summary_large_image","twitter_misc":{"Est. reading time":"1 minute"},"schema":{"@context":"https:\/\/schema.org","@graph":[{"@type":"WebPage","@id":"https:\/\/yetanothertravelbug.com\/?page_id=2136","url":"https:\/\/yetanothertravelbug.com\/?page_id=2136","name":"Impressum - Yet Another Travel Bug","isPartOf":{"@id":"http:\/\/yetanothertravelbug.com\/#website"},"primaryImageOfPage":{"@id":"https:\/\/yetanothertravelbug.com\/?page_id=2136#primaryimage"},"image":{"@id":"https:\/\/yetanothertravelbug.com\/?page_id=2136#primaryimage"},"thumbnailUrl":"https:\/\/yetanothertravelbug.com\/wp-content\/uploads\/2025\/03\/Logo-Kopie.png","datePublished":"2025-04-06T07:40:29+00:00","dateModified":"2026-04-07T21:57:45+00:00","breadcrumb":{"@id":"https:\/\/yetanothertravelbug.com\/?page_id=2136#breadcrumb"},"inLanguage":"en-US","potentialAction":[{"@type":"ReadAction","target":["https:\/\/yetanothertravelbug.com\/?page_id=2136"]}]},{"@type":"ImageObject","inLanguage":"en-US","@id":"https:\/\/yetanothertravelbug.com\/?page_id=2136#primaryimage","url":"https:\/\/yetanothertravelbug.com\/wp-content\/uploads\/2025\/03\/Logo-Kopie.png","contentUrl":"https:\/\/yetanothertravelbug.com\/wp-content\/uploads\/2025\/03\/Logo-Kopie.png","width":417,"height":325},{"@type":"BreadcrumbList","@id":"https:\/\/yetanothertravelbug.com\/?page_id=2136#breadcrumb","itemListElement":[{"@type":"ListItem","position":1,"name":"Home","item":"https:\/\/yetanothertravelbug.com\/"},{"@type":"ListItem","position":2,"name":"Kontakt","item":"https:\/\/yetanothertravelbug.com\/?page_id=57"},{"@type":"ListItem","position":3,"name":"Impressum"}]},{"@type":"WebSite","@id":"http:\/\/yetanothertravelbug.com\/#website","url":"http:\/\/yetanothertravelbug.com\/","name":"Yet Another Travel Bug","description":"","potentialAction":[{"@type":"SearchAction","target":{"@type":"EntryPoint","urlTemplate":"http:\/\/yetanothertravelbug.com\/?s={search_term_string}"},"query-input":{"@type":"PropertyValueSpecification","valueRequired":true,"valueName":"search_term_string"}}],"inLanguage":"en-US"}]}},"brizy_media":[{"id":156,"url":"https:\/\/yetanothertravelbug.com\/wp-content\/uploads\/2025\/03\/Logo.png","name":"Logo.png","meta":{"brizy_attachment_uid":"wp-c2f9cd361df46c20d663a6203020018f.png","brizy_post_uid":["1eaa61ecde18a247773dcab73bea347e","8f27919eb0a142e9c94975798ce06feb"]}},{"id":157,"url":"https:\/\/yetanothertravelbug.com\/wp-content\/uploads\/2025\/03\/Logo-Kopie.png","name":"Logo-Kopie.png","meta":{"brizy_attachment_uid":"wp-b946126889ad40415e973c3d211afe83.png","brizy_post_uid":["1eaa61ecde18a247773dcab73bea347e","8f27919eb0a142e9c94975798ce06feb"]}},{"id":201,"url":"https:\/\/yetanothertravelbug.com\/wp-content\/uploads\/2025\/03\/tieYLqhuTbi7QskUhhxR9A_thumb_2d4f.jpg","name":"tieYLqhuTbi7QskUhhxR9A_thumb_2d4f.jpg","meta":{"brizy_attachment_uid":"wp-32314e3c2790ecabe08a5397dc015a1a.jpg","brizy_post_uid":["8f27919eb0a142e9c94975798ce06feb"]}},{"id":313,"url":"https:\/\/yetanothertravelbug.com\/wp-content\/uploads\/2025\/03\/55A5FD33-C2C0-459A-A500-120B7FC238FF_1_105_c.jpeg","name":"55A5FD33-C2C0-459A-A500-120B7FC238FF_1_105_c.jpeg","meta":{"brizy_attachment_uid":"wp-1b82abdc73f87adb14ead2313970380e.jpeg","brizy_post_uid":["8f27919eb0a142e9c94975798ce06feb"]}},{"id":320,"url":"https:\/\/yetanothertravelbug.com\/wp-content\/uploads\/2025\/03\/C70149A3-63F4-4EED-9042-F9FD166C11B0_4_5005_c.jpeg","name":"C70149A3-63F4-4EED-9042-F9FD166C11B0_4_5005_c.jpeg","meta":{"brizy_attachment_uid":"wp-858ffe68484aa454be28e004377c0def.jpeg","brizy_post_uid":["8f27919eb0a142e9c94975798ce06feb"]}},{"id":322,"url":"https:\/\/yetanothertravelbug.com\/wp-content\/uploads\/2025\/03\/B7BEB9BF-39CD-4A89-92C6-8DBC61DB3315_1_105_c.jpeg","name":"B7BEB9BF-39CD-4A89-92C6-8DBC61DB3315_1_105_c.jpeg","meta":{"brizy_attachment_uid":"wp-027376dd7b4799467f0ff836c1fccd98.jpeg","brizy_post_uid":["8f27919eb0a142e9c94975798ce06feb","8fb431dbd0a71a3df8c04816167cfa1d"]}},{"id":325,"url":"https:\/\/yetanothertravelbug.com\/wp-content\/uploads\/2025\/03\/C70149A3-63F4-4EED-9042-F9FD166C11B0_4_5005_c_Nero_AI_Image_Upscaler_Photo_Face.jpeg","name":"C70149A3-63F4-4EED-9042-F9FD166C11B0_4_5005_c_Nero_AI_Image_Upscaler_Photo_Face.jpeg","meta":{"brizy_attachment_uid":"wp-65936617cf1afd4b57c4df12d5e0d00d.jpeg","brizy_post_uid":["8f27919eb0a142e9c94975798ce06feb"]}},{"id":326,"url":"https:\/\/yetanothertravelbug.com\/wp-content\/uploads\/2025\/03\/1D084199-5830-4D87-90B5-9EFC30AF6A64_4_5005_c.jpeg","name":"1D084199-5830-4D87-90B5-9EFC30AF6A64_4_5005_c.jpeg","meta":{"brizy_attachment_uid":"wp-0c682c1f61da0bf6d5bba5924a0fe807.jpeg","brizy_post_uid":["8f27919eb0a142e9c94975798ce06feb"]}},{"id":327,"url":"https:\/\/yetanothertravelbug.com\/wp-content\/uploads\/2025\/03\/A2EE0C3B-250A-41EA-A03F-853285071272_1_102_o.jpeg","name":"A2EE0C3B-250A-41EA-A03F-853285071272_1_102_o.jpeg","meta":{"brizy_attachment_uid":"wp-7770dd68609321756d79f8451562caa3.jpeg","brizy_post_uid":["8f27919eb0a142e9c94975798ce06feb"]}}],"_links":{"self":[{"href":"https:\/\/yetanothertravelbug.com\/index.php?rest_route=\/wp\/v2\/pages\/2136","targetHints":{"allow":["GET"]}}],"collection":[{"href":"https:\/\/yetanothertravelbug.com\/index.php?rest_route=\/wp\/v2\/pages"}],"about":[{"href":"https:\/\/yetanothertravelbug.com\/index.php?rest_route=\/wp\/v2\/types\/page"}],"author":[{"embeddable":true,"href":"https:\/\/yetanothertravelbug.com\/index.php?rest_route=\/wp\/v2\/users\/1"}],"replies":[{"embeddable":true,"href":"https:\/\/yetanothertravelbug.com\/index.php?rest_route=%2Fwp%2Fv2%2Fcomments&post=2136"}],"version-history":[{"count":3,"href":"https:\/\/yetanothertravelbug.com\/index.php?rest_route=\/wp\/v2\/pages\/2136\/revisions"}],"predecessor-version":[{"id":2158,"href":"https:\/\/yetanothertravelbug.com\/index.php?rest_route=\/wp\/v2\/pages\/2136\/revisions\/2158"}],"up":[{"embeddable":true,"href":"https:\/\/yetanothertravelbug.com\/index.php?rest_route=\/wp\/v2\/pages\/57"}],"wp:featuredmedia":[{"embeddable":true,"href":"https:\/\/yetanothertravelbug.com\/index.php?rest_route=\/wp\/v2\/media\/157"}],"wp:attachment":[{"href":"https:\/\/yetanothertravelbug.com\/index.php?rest_route=%2Fwp%2Fv2%2Fmedia&parent=2136"}],"curies":[{"name":"wp","href":"https:\/\/api.w.org\/{rel}","templated":true}]}}