{"id":37,"date":"2021-12-07T17:48:21","date_gmt":"2021-12-07T17:48:21","guid":{"rendered":"https:\/\/websitebuilder-demo.net\/adventure\/?page_id=37"},"modified":"2026-04-07T21:57:47","modified_gmt":"2026-04-07T21:57:47","slug":"reiselaender","status":"publish","type":"page","link":"https:\/\/yetanothertravelbug.com\/?page_id=37","title":{"rendered":"Reisel\u00e4nder"},"content":{"rendered":"<div class=\"brz brz-root__container brz-reset-all brz-root__container-page\">\n<section id=\"fe58d46af4008b0f77f6_fhbtrhyzckhbbzegwaiukackayulzwzymipk\" class=\"brz-section brz-css-p8rg8y brz-css-1not0xj\">\n<div class=\"brz-section__content brz-section--boxed brz-css-pho93e brz-css-6yl4h6\" data-brz-custom-id=\"xvozebuyofyzewrbfzwufktnheskkwhlubvd\">\n<div class=\"brz-bg\">\n<div class=\"brz-bg-color\"><\/div>\n<\/div>\n<div class=\"brz-container brz-css-12i7vay brz-css-1u7b8t6\">\n<div id=\"\" class=\"brz-css-n5wez3 brz-css-19g8zup brz-wrapper\">\n<div class=\"brz-rich-text brz-rich-text__custom brz-css-1g6ad1h brz-css-1mtsokt\" data-brz-custom-id=\"zWp5QV704Pfd\">\n<div data-brz-translate-text=\"1\">\n<p class=\"brz-text-lg-center brz-tp-lg-empty brz-ff-luckiest_guy brz-ft-google brz-fs-lg-49 brz-fss-lg-px brz-fw-lg-400 brz-ls-lg-m_0_4 brz-lh-lg-1_3 brz-vfw-lg-400 brz-fwdth-lg-100 brz-fsft-lg-0 brz-css-kxTHh\" data-generated-css=\"brz-css-wcyxM\" data-uniq-id=\"t6WMH\"><span class=\"brz-cp-color7\">JETZT NEUE <\/span><\/p>\n<p data-generated-css=\"brz-css-jOdPz\" data-uniq-id=\"wnbco\" class=\"brz-text-lg-center brz-tp-lg-empty brz-ff-luckiest_guy brz-ft-google brz-fs-lg-49 brz-fss-lg-px brz-fw-lg-400 brz-ls-lg-m_0_4 brz-lh-lg-1_3 brz-vfw-lg-400 brz-fwdth-lg-100 brz-fsft-lg-0 brz-css-twWaR\"><span class=\"brz-cp-color7\">REISEL\u00c4NDER ENTDECKEN!<\/span><\/p>\n<\/div>\n<\/div>\n<\/div>\n<div id=\"\" class=\"brz-css-n5wez3 brz-css-1883lbw brz-css-11m3gcv brz-wrapper\">\n<div class=\"brz-spacer brz-css-g121p7 brz-css-1rmpxcl\"><\/div>\n<\/div>\n<div class=\"brz-row__container brz-css-1omymvm brz-css-1154g9t\" data-brz-custom-id=\"wgmjrrilnyykinjxbkgqwdqqnntosgrlmidt\">\n<div class=\"brz-row brz-css-1scexc5 brz-css-bxr8re brz-css-1ri0wlv\">\n<div class=\"brz-columns brz-css-ru7f0o brz-css-ubv4z6\" data-brz-custom-id=\"aujkejdrdnmghzlpzlsdqbebcirkxcqmfgfm\">\n<div class=\"brz-column__items brz-css-172ojp7 brz-css-15h4lfi\">\n<div id=\"\" class=\"brz-css-n5wez3 brz-css-a7t44k brz-wrapper\">\n<div class=\"brz-image brz-css-vbl1e3 brz-css-1w28qji\" data-brz-custom-id=\"olouahharrjvjxxiyackedlvkmydnkuacpxl\"><a class=\"brz-a\" href=\"https:\/\/yetanothertravelbug.com\/?page_id=512\" target=\"_self\" rel=\"noopener\" data-brz-link-type=\"page\"><img decoding=\"async\" class=\"brz-img\" src=\"https:\/\/yetanothertravelbug.com\/wp-content\/uploads\/brizy\/imgs\/UNADJUSTEDNONRAW_thumb_36f4-468x624x0x162x468x363x1741549151.jpg\" alt=\"\" title=\"UNADJUSTEDNONRAW_thumb_36f4\" loading=\"lazy\"><\/a><\/div>\n<\/div>\n<div id=\"\" class=\"brz-css-n5wez3 brz-css-1883lbw brz-css-frs8st brz-wrapper\">\n<div class=\"brz-spacer brz-css-g121p7 brz-css-itkke8\"><\/div>\n<\/div>\n<div id=\"\" class=\"brz-css-n5wez3 brz-css-4bewo3 brz-wrapper\">\n<div class=\"brz-rich-text brz-rich-text__custom brz-css-1g6ad1h brz-css-1aohkh\" data-brz-custom-id=\"ehrgdokmegxebzopiunposhaiojungluobah\">\n<div data-brz-translate-text=\"1\">\n<p class=\"brz-fsft-lg-0 brz-fwdth-lg-100 brz-vfw-lg-400 brz-lh-lg-1_4 brz-ls-lg-4_2 brz-fw-lg-400 brz-fss-lg-px brz-fs-lg-35 brz-ft-google brz-ff-luckiest_guy brz-tp-lg-empty brz-text-lg-center brz-css-ryIYY\" data-generated-css=\"brz-css-b69hp\" data-uniq-id=\"bqDJi\"><a class=\"link--page\" href=\"https:\/\/yetanothertravelbug.com\/?page_id=512\" data-brz-link-type=\"page\">S\u00dcDAFRIKA<\/a><\/p>\n<\/div>\n<\/div>\n<\/div>\n<div id=\"\" class=\"brz-css-n5wez3 brz-css-1883lbw brz-css-6hhhl0 brz-wrapper\">\n<div class=\"brz-spacer brz-css-g121p7 brz-css-1k9m2e1\"><\/div>\n<\/div>\n<div id=\"\" class=\"brz-css-n5wez3 brz-css-15jk7z2 brz-wrapper\">\n<div class=\"brz-rich-text brz-rich-text__custom brz-css-1g6ad1h brz-css-az1b7u\" data-brz-custom-id=\"wvunlaxnbqrwodohetekojkdmhndugjdnqpw\">\n<div data-brz-translate-text=\"1\">\n<p class=\"brz-text-lg-justify brz-tp-lg-empty brz-ff-lexend_deca brz-ft-google brz-fs-lg-13 brz-fss-lg-px brz-fw-lg-700 brz-ls-lg-1_1 brz-lh-lg-1_5 brz-vfw-lg-400 brz-fwdth-lg-100 brz-fsft-lg-0 brz-css-dYAg4\" data-uniq-id=\"bKrbk\" data-generated-css=\"brz-css-aH3cU\"><a class=\"link--page brz-cp-color7 brz-bold-true\" href=\"https:\/\/yetanothertravelbug.com\/?page_id=512\" data-brz-link-type=\"page\"><strong>S\u00fcdafrika verzaubert mit atemberaubenden Kontrasten: vom m\u00e4chtigen Tafelberg und wilden Tieren im Busch bis hin zu pulsierenden St\u00e4dten voller Vielfalt. Entdecke dieses einzigartige Land!<\/strong><\/a><\/p>\n<\/div>\n<\/div>\n<\/div>\n<\/div>\n<\/div>\n<div class=\"brz-columns brz-css-ru7f0o brz-css-1ojz96c\" data-brz-custom-id=\"khejnvebiupekryqktozlwxzmuagsvbvyzuk\">\n<div class=\"brz-column__items brz-css-172ojp7 brz-css-1m3i5mx\">\n<div id=\"\" class=\"brz-css-n5wez3 brz-css-3deb70 brz-wrapper\">\n<div class=\"brz-image brz-css-7ochja brz-css-16s6akx\" data-brz-custom-id=\"avpfijteosexkgjvezybhsuddpauywmxvnqb\"><a class=\"brz-a\" href=\"https:\/\/yetanothertravelbug.com\/?page_id=538\" target=\"_self\" rel=\"noopener\" data-brz-link-type=\"page\"><img decoding=\"async\" class=\"brz-img\" src=\"https:\/\/yetanothertravelbug.com\/wp-content\/uploads\/brizy\/imgs\/9FD2FA32-1D15-4FA6-905E-5A194C239389_1_105_c-384x512x0x72x384x368x1743447033.jpeg\" alt=\"\" title=\"OLYMPUS DIGITAL CAMERA          Processed with VSCO with a6 preset\" loading=\"lazy\"><\/a><\/div>\n<\/div>\n<div id=\"\" class=\"brz-css-n5wez3 brz-css-1883lbw brz-css-13cfopk brz-wrapper\">\n<div class=\"brz-spacer brz-css-g121p7 brz-css-1gbckhx\"><\/div>\n<\/div>\n<div id=\"\" class=\"brz-css-n5wez3 brz-css-7xznlp brz-wrapper\">\n<div class=\"brz-rich-text brz-rich-text__custom brz-css-1g6ad1h brz-css-ky6tp0\" data-brz-custom-id=\"bojfcnxjfqwkgygifnwigzjdvgpnchjoqhti\">\n<div data-brz-translate-text=\"1\">\n<p class=\"brz-fsft-lg-0 brz-fwdth-lg-100 brz-vfw-lg-400 brz-lh-lg-1_4 brz-ls-lg-2_4 brz-fw-lg-400 brz-fss-lg-px brz-fs-lg-35 brz-ft-google brz-ff-luckiest_guy brz-tp-lg-empty brz-text-lg-center brz-css-bZqHv\" data-generated-css=\"brz-css-zAtRE\" data-uniq-id=\"hcIKR\"><a class=\"link--page\" href=\"https:\/\/yetanothertravelbug.com\/?page_id=538\" data-brz-link-type=\"page\">JORDANIEN<\/a><\/p>\n<\/div>\n<\/div>\n<\/div>\n<div id=\"\" class=\"brz-css-n5wez3 brz-css-1883lbw brz-css-4jnj79 brz-wrapper\">\n<div class=\"brz-spacer brz-css-g121p7 brz-css-fugogo\"><\/div>\n<\/div>\n<div id=\"\" class=\"brz-css-n5wez3 brz-css-gffpe9 brz-wrapper\">\n<div class=\"brz-rich-text brz-rich-text__custom brz-css-1g6ad1h brz-css-18nrvq9\" data-brz-custom-id=\"virpotgmqcpoduckblbjffiundwyptsefvuz\">\n<div data-brz-translate-text=\"1\">\n<p class=\"brz-fsft-lg-0 brz-fwdth-lg-100 brz-vfw-lg-400 brz-lh-lg-1_5 brz-ls-lg-1_1 brz-fw-lg-700 brz-fss-lg-px brz-fs-lg-13 brz-ft-google brz-ff-lexend_deca brz-tp-lg-empty brz-text-lg-justify brz-css-btgwu\" data-generated-css=\"brz-css-w5eGo\" data-uniq-id=\"y7fZL\"><a class=\"brz-cp-color7 link--page\" href=\"https:\/\/yetanothertravelbug.com\/?page_id=538\" data-brz-link-type=\"page\">Endlose W\u00fcste, Floating auf dem Toten Meer, die antike Felsenstadt Petra, Mars-Feeling in Wadi Rum und wahnsinnig leckeres Essen &#8211; das sind nur einige der Highlights, die in Jordanien auf dich warten.<\/a><\/p>\n<\/div>\n<\/div>\n<\/div>\n<\/div>\n<\/div>\n<\/div>\n<\/div>\n<div id=\"\" class=\"brz-css-n5wez3 brz-css-1883lbw brz-css-1c2f8pq brz-wrapper\">\n<div class=\"brz-spacer brz-css-g121p7 brz-css-1ghoo03\"><\/div>\n<\/div>\n<div class=\"brz-row__container brz-css-1omymvm brz-css-9gq7ri\" data-brz-custom-id=\"kmmbmpozjizcrxkvjlpljfbutqwqoysbhqlg\">\n<div class=\"brz-row brz-css-1scexc5 brz-css-bxr8re brz-css-14r1dj7\">\n<div class=\"brz-columns brz-css-ru7f0o brz-css-1nbajzg\" data-brz-custom-id=\"xkqkjcmpatvlvdoyttdopwudozyoibreaufw\">\n<div class=\"brz-column__items brz-css-172ojp7 brz-css-1on4moc\">\n<div id=\"\" class=\"brz-css-n5wez3 brz-css-esiyby brz-wrapper\">\n<div class=\"brz-image brz-css-1pf39s0 brz-css-15ekqjv\" data-brz-custom-id=\"juzunhlbnbtfbugxzxiczvkeznhchvhotonj\"><a class=\"brz-a\" href=\"https:\/\/yetanothertravelbug.com\/?page_id=2201\" target=\"_blank\" rel=\"noopener\" data-brz-link-type=\"page\"><img decoding=\"async\" class=\"brz-img\" src=\"https:\/\/yetanothertravelbug.com\/wp-content\/uploads\/brizy\/imgs\/F7AF4436-956E-47A6-B129-734054BE6E7F_1_102_o-478x358x5x0x468x358x1751812853.jpeg\" alt=\"\" title=\"F7AF4436-956E-47A6-B129-734054BE6E7F_1_102_o\" loading=\"lazy\"><\/a><\/div>\n<\/div>\n<div id=\"\" class=\"brz-css-n5wez3 brz-css-1883lbw brz-css-1ynhqqu brz-wrapper\">\n<div class=\"brz-spacer brz-css-g121p7 brz-css-1m56ahk\"><\/div>\n<\/div>\n<div id=\"\" class=\"brz-css-n5wez3 brz-css-1njnxq3 brz-wrapper\">\n<div class=\"brz-rich-text brz-rich-text__custom brz-css-1g6ad1h brz-css-7a6tgc\" data-brz-custom-id=\"xbqdgclzywlmwvkqustieooqxuervgkopjmt\">\n<div data-brz-translate-text=\"1\">\n<p class=\"brz-text-lg-center brz-tp-lg-empty brz-ff-luckiest_guy brz-ft-google brz-fs-lg-35 brz-fss-lg-px brz-fw-lg-400 brz-ls-lg-4_2 brz-lh-lg-1_4 brz-vfw-lg-400 brz-fwdth-lg-100 brz-fsft-lg-0 brz-css-bKUHC\" data-generated-css=\"brz-css-hBt26\" data-uniq-id=\"dKXjk\"><a class=\"link--page\" href=\"https:\/\/yetanothertravelbug.com\/?page_id=2201\" data-brz-link-type=\"page\" target=\"_blank\">NICARAGUA<\/a><\/p>\n<\/div>\n<\/div>\n<\/div>\n<div id=\"\" class=\"brz-css-n5wez3 brz-css-1883lbw brz-css-wom5wh brz-wrapper\">\n<div class=\"brz-spacer brz-css-g121p7 brz-css-vyt8ip\"><\/div>\n<\/div>\n<div id=\"\" class=\"brz-css-n5wez3 brz-css-1rlrpf brz-wrapper\">\n<div class=\"brz-rich-text brz-rich-text__custom brz-css-1g6ad1h brz-css-79ajof\" data-brz-custom-id=\"oemgthhwnvcrhoxesrkysbosleevwtecevpw\">\n<div data-brz-translate-text=\"1\">\n<p class=\"brz-tp-lg-abovetitle brz-text-lg-justify brz-css-ybdy7\" data-uniq-id=\"h4D0D\" data-generated-css=\"brz-css-ycFIG\"><a class=\"brz-cp-color7 link--page\" href=\"https:\/\/yetanothertravelbug.com\/?page_id=2201\" data-brz-link-type=\"page\" target=\"_blank\">Nicaragua begeistert mit einer unglaublichen Vielfalt an Abenteuern \u2013 vom spektakul\u00e4ren Volcano Boarding bis zu kristallklaren Lagunen und perfekten Surfwellen. Das gr\u00f6\u00dfte Land Zentralamerikas vereint Naturwunder und unvergessliche Outdoor-Aktivit\u00e4ten, die viele Reisende in ihren Bann ziehen.<\/a><\/p>\n<\/div>\n<\/div>\n<\/div>\n<\/div>\n<\/div>\n<div class=\"brz-columns brz-css-ru7f0o brz-css-1ufg1s6\" data-brz-custom-id=\"enihlydfebatzpvxpnitxfrddmyywgelfyyx\">\n<div class=\"brz-column__items brz-css-172ojp7 brz-css-1ol1s7b\">\n<div id=\"\" class=\"brz-css-n5wez3 brz-css-kes9er brz-wrapper\">\n<div class=\"brz-image brz-css-1j0nrvv brz-css-1rvgr4k\" data-brz-custom-id=\"tctpcwrdvtkaemjohatouqfcjojahdixdigw\">\n<div class=\"brz-shortcode__placeholder\"><\/div>\n<\/div>\n<\/div>\n<div id=\"\" class=\"brz-css-n5wez3 brz-css-1883lbw brz-css-1aljuny brz-wrapper\">\n<div class=\"brz-spacer brz-css-g121p7 brz-css-13zm10u\"><\/div>\n<\/div>\n<div id=\"\" class=\"brz-css-n5wez3 brz-css-1ybo03o brz-wrapper\">\n<div class=\"brz-rich-text brz-rich-text__custom brz-css-1g6ad1h brz-css-ew0lr6\" data-brz-custom-id=\"rlmohykdoayutdewwxrmjqaswncicmcmzxuc\">\n<div data-brz-translate-text=\"1\">\n<p class=\"brz-text-lg-center brz-tp-lg-empty brz-ff-luckiest_guy brz-ft-google brz-fs-lg-28 brz-fss-lg-px brz-fw-lg-400 brz-ls-lg-4_2 brz-lh-lg-1_4 brz-vfw-lg-400 brz-fwdth-lg-100 brz-fsft-lg-0 brz-css-yug19\" data-uniq-id=\"adjqC\" data-generated-css=\"brz-css-xHIF6\"><span>&#8230; mehr folgt bald \ud83d\ude09<\/span><\/p>\n<\/div>\n<\/div>\n<\/div>\n<div id=\"\" class=\"brz-css-n5wez3 brz-css-1883lbw brz-css-1k2x5nh brz-wrapper\">\n<div class=\"brz-spacer brz-css-g121p7 brz-css-ugcblw\"><\/div>\n<\/div>\n<div id=\"\" class=\"brz-css-n5wez3 brz-css-11ghyv1 brz-wrapper\">\n<div class=\"brz-rich-text brz-rich-text__custom brz-css-1g6ad1h brz-css-mlskw\" data-brz-custom-id=\"drtjqirmfosteerxxthpfxfhxavxvvunvzsd\">\n<div data-brz-translate-text=\"1\">\n<p class=\"brz-text-lg-center brz-tp-lg-abovetitle brz-css-y8QRS\" data-generated-css=\"brz-css-uTAps\" data-uniq-id=\"mnjOn\"><\/p>\n<\/div>\n<\/div>\n<\/div>\n<\/div>\n<\/div>\n<\/div>\n<\/div>\n<\/div>\n<\/div>\n<\/section><\/div>\n<p><!-- version:1752676549 --><\/p>\n","protected":false},"excerpt":{"rendered":"<p>JETZT NEUE REISEL\u00c4NDER ENTDECKEN! S\u00dcDAFRIKA S\u00fcdafrika verzaubert mit atemberaubenden Kontrasten: vom m\u00e4chtigen Tafelberg und wilden Tieren im Busch bis hin zu pulsierenden St\u00e4dten voller Vielfalt. Entdecke dieses einzigartige Land! JORDANIEN Endlose W\u00fcste, Floating auf dem Toten Meer, die antike Felsenstadt Petra, Mars-Feeling in Wadi Rum und wahnsinnig leckeres Essen &#8211; das sind nur einige der [&hellip;]<\/p>\n","protected":false},"author":1,"featured_media":0,"parent":0,"menu_order":0,"comment_status":"closed","ping_status":"closed","template":"brizy-blank-template.php","meta":{"footnotes":""},"class_list":["post-37","page","type-page","status-publish","hentry"],"yoast_head":"<!-- This site is optimized with the Yoast SEO plugin v27.4 - https:\/\/yoast.com\/product\/yoast-seo-wordpress\/ -->\n<title>Inspiration Reisel\u00e4nder - Yet Another Travel Bug<\/title>\n<meta name=\"description\" content=\"Du bist auf der Suche nach deinem n\u00e4chsten Traumziel? Dann bist du hier genau richtig - finde Inspiration f\u00fcr deine n\u00e4chsten Reisel\u00e4nder!\" \/>\n<meta name=\"robots\" content=\"index, follow, max-snippet:-1, max-image-preview:large, max-video-preview:-1\" \/>\n<link rel=\"canonical\" href=\"https:\/\/yetanothertravelbug.com\/?page_id=37\" \/>\n<meta property=\"og:locale\" content=\"en_US\" \/>\n<meta property=\"og:type\" content=\"article\" \/>\n<meta property=\"og:title\" content=\"Inspiration Reisel\u00e4nder - Yet Another Travel Bug\" \/>\n<meta property=\"og:description\" content=\"Du bist auf der Suche nach deinem n\u00e4chsten Traumziel? Dann bist du hier genau richtig - finde Inspiration f\u00fcr deine n\u00e4chsten Reisel\u00e4nder!\" \/>\n<meta property=\"og:url\" content=\"https:\/\/yetanothertravelbug.com\/?page_id=37\" \/>\n<meta property=\"og:site_name\" content=\"Yet Another Travel Bug\" \/>\n<meta property=\"article:modified_time\" content=\"2026-04-07T21:57:47+00:00\" \/>\n<meta property=\"og:image\" content=\"https:\/\/yetanothertravelbug.com\/wp-content\/uploads\/brizy\/imgs\/UNADJUSTEDNONRAW_thumb_36f4-468x624x0x162x468x363x1741549151.jpg\" \/>\n<meta name=\"twitter:card\" content=\"summary_large_image\" \/>\n<meta name=\"twitter:label1\" content=\"Est. reading time\" \/>\n\t<meta name=\"twitter:data1\" content=\"2 minutes\" \/>\n<script type=\"application\/ld+json\" class=\"yoast-schema-graph\">{\"@context\":\"https:\\\/\\\/schema.org\",\"@graph\":[{\"@type\":\"WebPage\",\"@id\":\"https:\\\/\\\/yetanothertravelbug.com\\\/?page_id=37\",\"url\":\"https:\\\/\\\/yetanothertravelbug.com\\\/?page_id=37\",\"name\":\"Inspiration Reisel\u00e4nder - Yet Another Travel Bug\",\"isPartOf\":{\"@id\":\"http:\\\/\\\/yetanothertravelbug.com\\\/#website\"},\"primaryImageOfPage\":{\"@id\":\"https:\\\/\\\/yetanothertravelbug.com\\\/?page_id=37#primaryimage\"},\"image\":{\"@id\":\"https:\\\/\\\/yetanothertravelbug.com\\\/?page_id=37#primaryimage\"},\"thumbnailUrl\":\"https:\\\/\\\/yetanothertravelbug.com\\\/wp-content\\\/uploads\\\/brizy\\\/imgs\\\/UNADJUSTEDNONRAW_thumb_36f4-468x624x0x162x468x363x1741549151.jpg\",\"datePublished\":\"2021-12-07T17:48:21+00:00\",\"dateModified\":\"2026-04-07T21:57:47+00:00\",\"description\":\"Du bist auf der Suche nach deinem n\u00e4chsten Traumziel? Dann bist du hier genau richtig - finde Inspiration f\u00fcr deine n\u00e4chsten Reisel\u00e4nder!\",\"breadcrumb\":{\"@id\":\"https:\\\/\\\/yetanothertravelbug.com\\\/?page_id=37#breadcrumb\"},\"inLanguage\":\"en-US\",\"potentialAction\":[{\"@type\":\"ReadAction\",\"target\":[\"https:\\\/\\\/yetanothertravelbug.com\\\/?page_id=37\"]}]},{\"@type\":\"ImageObject\",\"inLanguage\":\"en-US\",\"@id\":\"https:\\\/\\\/yetanothertravelbug.com\\\/?page_id=37#primaryimage\",\"url\":\"https:\\\/\\\/yetanothertravelbug.com\\\/wp-content\\\/uploads\\\/brizy\\\/imgs\\\/UNADJUSTEDNONRAW_thumb_36f4-468x624x0x162x468x363x1741549151.jpg\",\"contentUrl\":\"https:\\\/\\\/yetanothertravelbug.com\\\/wp-content\\\/uploads\\\/brizy\\\/imgs\\\/UNADJUSTEDNONRAW_thumb_36f4-468x624x0x162x468x363x1741549151.jpg\"},{\"@type\":\"BreadcrumbList\",\"@id\":\"https:\\\/\\\/yetanothertravelbug.com\\\/?page_id=37#breadcrumb\",\"itemListElement\":[{\"@type\":\"ListItem\",\"position\":1,\"name\":\"Home\",\"item\":\"https:\\\/\\\/yetanothertravelbug.com\\\/\"},{\"@type\":\"ListItem\",\"position\":2,\"name\":\"Reisel\u00e4nder\"}]},{\"@type\":\"WebSite\",\"@id\":\"http:\\\/\\\/yetanothertravelbug.com\\\/#website\",\"url\":\"http:\\\/\\\/yetanothertravelbug.com\\\/\",\"name\":\"Yet Another Travel Bug\",\"description\":\"\",\"potentialAction\":[{\"@type\":\"SearchAction\",\"target\":{\"@type\":\"EntryPoint\",\"urlTemplate\":\"http:\\\/\\\/yetanothertravelbug.com\\\/?s={search_term_string}\"},\"query-input\":{\"@type\":\"PropertyValueSpecification\",\"valueRequired\":true,\"valueName\":\"search_term_string\"}}],\"inLanguage\":\"en-US\"}]}<\/script>\n<!-- \/ Yoast SEO plugin. -->","yoast_head_json":{"title":"Inspiration Reisel\u00e4nder - Yet Another Travel Bug","description":"Du bist auf der Suche nach deinem n\u00e4chsten Traumziel? Dann bist du hier genau richtig - finde Inspiration f\u00fcr deine n\u00e4chsten Reisel\u00e4nder!","robots":{"index":"index","follow":"follow","max-snippet":"max-snippet:-1","max-image-preview":"max-image-preview:large","max-video-preview":"max-video-preview:-1"},"canonical":"https:\/\/yetanothertravelbug.com\/?page_id=37","og_locale":"en_US","og_type":"article","og_title":"Inspiration Reisel\u00e4nder - Yet Another Travel Bug","og_description":"Du bist auf der Suche nach deinem n\u00e4chsten Traumziel? Dann bist du hier genau richtig - finde Inspiration f\u00fcr deine n\u00e4chsten Reisel\u00e4nder!","og_url":"https:\/\/yetanothertravelbug.com\/?page_id=37","og_site_name":"Yet Another Travel Bug","article_modified_time":"2026-04-07T21:57:47+00:00","og_image":[{"url":"https:\/\/yetanothertravelbug.com\/wp-content\/uploads\/brizy\/imgs\/UNADJUSTEDNONRAW_thumb_36f4-468x624x0x162x468x363x1741549151.jpg","type":"","width":"","height":""}],"twitter_card":"summary_large_image","twitter_misc":{"Est. reading time":"2 minutes"},"schema":{"@context":"https:\/\/schema.org","@graph":[{"@type":"WebPage","@id":"https:\/\/yetanothertravelbug.com\/?page_id=37","url":"https:\/\/yetanothertravelbug.com\/?page_id=37","name":"Inspiration Reisel\u00e4nder - Yet Another Travel Bug","isPartOf":{"@id":"http:\/\/yetanothertravelbug.com\/#website"},"primaryImageOfPage":{"@id":"https:\/\/yetanothertravelbug.com\/?page_id=37#primaryimage"},"image":{"@id":"https:\/\/yetanothertravelbug.com\/?page_id=37#primaryimage"},"thumbnailUrl":"https:\/\/yetanothertravelbug.com\/wp-content\/uploads\/brizy\/imgs\/UNADJUSTEDNONRAW_thumb_36f4-468x624x0x162x468x363x1741549151.jpg","datePublished":"2021-12-07T17:48:21+00:00","dateModified":"2026-04-07T21:57:47+00:00","description":"Du bist auf der Suche nach deinem n\u00e4chsten Traumziel? Dann bist du hier genau richtig - finde Inspiration f\u00fcr deine n\u00e4chsten Reisel\u00e4nder!","breadcrumb":{"@id":"https:\/\/yetanothertravelbug.com\/?page_id=37#breadcrumb"},"inLanguage":"en-US","potentialAction":[{"@type":"ReadAction","target":["https:\/\/yetanothertravelbug.com\/?page_id=37"]}]},{"@type":"ImageObject","inLanguage":"en-US","@id":"https:\/\/yetanothertravelbug.com\/?page_id=37#primaryimage","url":"https:\/\/yetanothertravelbug.com\/wp-content\/uploads\/brizy\/imgs\/UNADJUSTEDNONRAW_thumb_36f4-468x624x0x162x468x363x1741549151.jpg","contentUrl":"https:\/\/yetanothertravelbug.com\/wp-content\/uploads\/brizy\/imgs\/UNADJUSTEDNONRAW_thumb_36f4-468x624x0x162x468x363x1741549151.jpg"},{"@type":"BreadcrumbList","@id":"https:\/\/yetanothertravelbug.com\/?page_id=37#breadcrumb","itemListElement":[{"@type":"ListItem","position":1,"name":"Home","item":"https:\/\/yetanothertravelbug.com\/"},{"@type":"ListItem","position":2,"name":"Reisel\u00e4nder"}]},{"@type":"WebSite","@id":"http:\/\/yetanothertravelbug.com\/#website","url":"http:\/\/yetanothertravelbug.com\/","name":"Yet Another Travel Bug","description":"","potentialAction":[{"@type":"SearchAction","target":{"@type":"EntryPoint","urlTemplate":"http:\/\/yetanothertravelbug.com\/?s={search_term_string}"},"query-input":{"@type":"PropertyValueSpecification","valueRequired":true,"valueName":"search_term_string"}}],"inLanguage":"en-US"}]}},"brizy_media":[{"id":212,"url":"https:\/\/yetanothertravelbug.com\/wp-content\/uploads\/2025\/03\/UNADJUSTEDNONRAW_mini_338c.jpg","name":"UNADJUSTEDNONRAW_mini_338c.jpg","meta":{"brizy_attachment_uid":"wp-e08205ad11d7516fc10dcd41c2c1280d.jpg","brizy_post_uid":["5b59f8afe42e6710fd2e6505a572d28e","8fb431dbd0a71a3df8c04816167cfa1d"]}},{"id":221,"url":"https:\/\/yetanothertravelbug.com\/wp-content\/uploads\/2025\/03\/UNADJUSTEDNONRAW_thumb_36f4.jpg","name":"UNADJUSTEDNONRAW_thumb_36f4.jpg","meta":{"brizy_attachment_uid":"wp-3f320e5f3206e86e786f91b683adf4d0.jpg","brizy_post_uid":["1eaa61ecde18a247773dcab73bea347e","5b59f8afe42e6710fd2e6505a572d28e"]}},{"id":234,"url":"https:\/\/yetanothertravelbug.com\/wp-content\/uploads\/2025\/03\/UNADJUSTEDNONRAW_thumb_3f10.jpg","name":"UNADJUSTEDNONRAW_thumb_3f10.jpg","meta":{"brizy_attachment_uid":"wp-aad34f10988264e8d075f433dc91c75d.jpg","brizy_post_uid":["5b59f8afe42e6710fd2e6505a572d28e"]}},{"id":321,"url":"https:\/\/yetanothertravelbug.com\/wp-content\/uploads\/2025\/03\/55A5FD33-C2C0-459A-A500-120B7FC238FF_1_105_c-1.jpeg","name":"55A5FD33-C2C0-459A-A500-120B7FC238FF_1_105_c-1.jpeg","meta":{"brizy_attachment_uid":"wp-1cc2485bb38f6bbb9bddfe01f29caa83.jpeg","brizy_post_uid":["f6f70c2839fefdc1e80b262d681f5cb8","5b59f8afe42e6710fd2e6505a572d28e"]}},{"id":324,"url":"https:\/\/yetanothertravelbug.com\/wp-content\/uploads\/2025\/03\/9172A218-7512-4A38-8DC4-88E1CC152567_1_105_c.jpeg","name":"9172A218-7512-4A38-8DC4-88E1CC152567_1_105_c.jpeg","meta":{"brizy_attachment_uid":"wp-c6a92c7aa921051c4daed6ccce5f39e9.jpeg","brizy_post_uid":["f6f70c2839fefdc1e80b262d681f5cb8","5b59f8afe42e6710fd2e6505a572d28e"]}},{"id":586,"url":"https:\/\/yetanothertravelbug.com\/wp-content\/uploads\/2025\/03\/9FD2FA32-1D15-4FA6-905E-5A194C239389_1_105_c.jpeg","name":"9FD2FA32-1D15-4FA6-905E-5A194C239389_1_105_c.jpeg","meta":{"brizy_attachment_uid":"wp-8fad46d100924519367e94a1da1b4019.jpeg","brizy_post_uid":["5b59f8afe42e6710fd2e6505a572d28e","8fb431dbd0a71a3df8c04816167cfa1d","1eaa61ecde18a247773dcab73bea347e"]}},{"id":2641,"url":"https:\/\/yetanothertravelbug.com\/wp-content\/uploads\/2025\/07\/F7AF4436-956E-47A6-B129-734054BE6E7F_1_102_o.jpeg","name":"F7AF4436-956E-47A6-B129-734054BE6E7F_1_102_o.jpeg","meta":{"brizy_attachment_uid":"wp-9abbfc62fac325a3afca751633eb67cb.jpeg","brizy_post_uid":["8fb431dbd0a71a3df8c04816167cfa1d","5b59f8afe42e6710fd2e6505a572d28e","1eaa61ecde18a247773dcab73bea347e"]}}],"_links":{"self":[{"href":"https:\/\/yetanothertravelbug.com\/index.php?rest_route=\/wp\/v2\/pages\/37","targetHints":{"allow":["GET"]}}],"collection":[{"href":"https:\/\/yetanothertravelbug.com\/index.php?rest_route=\/wp\/v2\/pages"}],"about":[{"href":"https:\/\/yetanothertravelbug.com\/index.php?rest_route=\/wp\/v2\/types\/page"}],"author":[{"embeddable":true,"href":"https:\/\/yetanothertravelbug.com\/index.php?rest_route=\/wp\/v2\/users\/1"}],"replies":[{"embeddable":true,"href":"https:\/\/yetanothertravelbug.com\/index.php?rest_route=%2Fwp%2Fv2%2Fcomments&post=37"}],"version-history":[{"count":5,"href":"https:\/\/yetanothertravelbug.com\/index.php?rest_route=\/wp\/v2\/pages\/37\/revisions"}],"predecessor-version":[{"id":2867,"href":"https:\/\/yetanothertravelbug.com\/index.php?rest_route=\/wp\/v2\/pages\/37\/revisions\/2867"}],"wp:attachment":[{"href":"https:\/\/yetanothertravelbug.com\/index.php?rest_route=%2Fwp%2Fv2%2Fmedia&parent=37"}],"curies":[{"name":"wp","href":"https:\/\/api.w.org\/{rel}","templated":true}]}}